{"id":2,"date":"2018-05-17T18:16:49","date_gmt":"2018-05-17T18:16:49","guid":{"rendered":"http:\/\/www.tabela.antik-san.com\/zonguldak\/?page_id=2"},"modified":"2018-11-15T20:39:09","modified_gmt":"2018-11-15T20:39:09","slug":"hakkimizda","status":"publish","type":"page","link":"http:\/\/www.tabela.antik-san.com\/zonguldak\/hakkimizda\/","title":{"rendered":"Hakk\u0131m\u0131zda"},"content":{"rendered":"<p><strong>Biz Kimiz ?<\/strong><\/p>\n<p>Biz Antik-San \u0130malat Sanayi ve Ticaret olarak 1989 y\u0131l\u0131ndan bu g\u00fcne m\u00fc\u015fterilerimize hizmet vermekteyiz. Yapmakta oldu\u011fumuz hizmetler \u015fu \u015fekildedir :<\/p>\n<blockquote><p>Tabela ve Reklam \u00dcr\u00fcnleri ve Hizmeti<\/p>\n<p>Masa \u0130simlikleri \u0130malat\u0131<\/p>\n<p>Heykel\/Biblo \u00c7e\u015fitleri<\/p>\n<p>Promosyon \u00dcr\u00fcnleri: Kalem, ajanda, takvim, saat, anahtarl\u0131k vb.<\/p>\n<p>Te\u015fbih \u00c7e\u015fitleri<\/p>\n<p>Deri \u00c7antalar<\/p>\n<p>Plaket &#8211; Kupa &#8211; Madalya \u00c7e\u015fitleri<\/p><\/blockquote>\n<p><strong>Adres Bilgilerimiz :<\/strong><\/p>\n<blockquote><p>Adres :<\/p>\n<p>Terakki Mahallesi Cumhuriyet Caddesi So\u011fuksu \u0130\u015f Merkezi No.13 67100 Merkez \/ Zonguldak<\/p>\n<p>Tel :<\/p>\n<p>0.372 253 48 63<\/p>\n<p>Mobil :<\/p>\n<p>0.533 716 96 66<\/p>\n<p>E-Mail :<\/p>\n<p>siparis@antik-san.com<\/p>\n<p>\u00c7al\u0131\u015fma Saatlerimiz :<\/p>\n<p>Hafta i\u00e7i 09:00 &#8211; 19:00<\/p>\n<p>Cmts 10:00 &#8211; 18:00<\/p><\/blockquote>\n<p><strong>Web Sitelerimiz :<\/strong><\/p>\n<p>www.Antik-San.com<\/p>\n<p>www.Antik-San.net<\/p>\n<p>www.\u00dcrunKap.com<\/p>\n<p>www.OderimKapida.com<\/p>\n<p>www.Urunun.com<\/p>\n<p>www.BelesAga.com<\/p>\n<p>www.MadenciHeykeli.com<\/p>\n","protected":false},"excerpt":{"rendered":"<p>Biz Kimiz ? Biz Antik-San \u0130malat Sanayi ve Ticaret olarak 1989 y\u0131l\u0131ndan bu g\u00fcne m\u00fc\u015fterilerimize hizmet vermekteyiz. Yapmakta oldu\u011fumuz hizmetler \u015fu \u015fekildedir : Tabela ve Reklam \u00dcr\u00fcnleri ve Hizmeti Masa \u0130simlikleri \u0130malat\u0131 Heykel\/Biblo \u00c7e\u015fitleri Promosyon \u00dcr\u00fcnleri: Kalem, ajanda, takvim, saat, anahtarl\u0131k vb. Te\u015fbih \u00c7e\u015fitleri Deri \u00c7antalar Plaket &#8211; Kupa &#8211; Madalya \u00c7e\u015fitleri Adres Bilgilerimiz : Adres : Terakki Mahallesi Cumhuriyet Caddesi So\u011fuksu \u0130\u015f Merkezi No.13 67100 Merkez \/ Zonguldak Tel : 0.372 253 48 63 Mobil : 0.533 716 96 66 E-Mail : siparis@antik-san.com \u00c7al\u0131\u015fma Saatlerimiz : Hafta i\u00e7i 09:00 &#8211; 19:00 Cmts 10:00 &#8211; 18:00 Web Sitelerimiz : www.Antik-San.com www.Antik-San.net www.\u00dcrunKap.com www.OderimKapida.com www.Urunun.com www.BelesAga.com www.MadenciHeykeli.com<\/p>\n","protected":false},"author":1,"featured_media":0,"parent":0,"menu_order":0,"comment_status":"closed","ping_status":"open","template":"","meta":[],"_links":{"self":[{"href":"http:\/\/www.tabela.antik-san.com\/zonguldak\/wp-json\/wp\/v2\/pages\/2"}],"collection":[{"href":"http:\/\/www.tabela.antik-san.com\/zonguldak\/wp-json\/wp\/v2\/pages"}],"about":[{"href":"http:\/\/www.tabela.antik-san.com\/zonguldak\/wp-json\/wp\/v2\/types\/page"}],"author":[{"embeddable":true,"href":"http:\/\/www.tabela.antik-san.com\/zonguldak\/wp-json\/wp\/v2\/users\/1"}],"replies":[{"embeddable":true,"href":"http:\/\/www.tabela.antik-san.com\/zonguldak\/wp-json\/wp\/v2\/comments?post=2"}],"version-history":[{"count":4,"href":"http:\/\/www.tabela.antik-san.com\/zonguldak\/wp-json\/wp\/v2\/pages\/2\/revisions"}],"predecessor-version":[{"id":77,"href":"http:\/\/www.tabela.antik-san.com\/zonguldak\/wp-json\/wp\/v2\/pages\/2\/revisions\/77"}],"wp:attachment":[{"href":"http:\/\/www.tabela.antik-san.com\/zonguldak\/wp-json\/wp\/v2\/media?parent=2"}],"curies":[{"name":"wp","href":"https:\/\/api.w.org\/{rel}","templated":true}]}}